{"id":3562,"date":"2018-02-11T22:52:06","date_gmt":"2018-02-11T22:52:06","guid":{"rendered":"http:\/\/www.nanosilicaldevices.com\/why-nanosilicaldevices\/"},"modified":"2019-07-12T15:53:09","modified_gmt":"2019-07-12T13:53:09","slug":"perche-nanosilicaldevices","status":"publish","type":"page","link":"http:\/\/www.nanosilicaldevices.com\/it\/perche-nanosilicaldevices\/","title":{"rendered":"Perch\u00e8 NanoSiliCal Devices"},"content":{"rendered":"<p>[vc_row rt_row_background_width=&#8221;fullwidth&#8221; rt_row_content_width=&#8221;default&#8221; rt_row_style=&#8221;alt-style-2&#8243; rt_row_borders=&#8221;&#8221; rt_row_shadows=&#8221;&#8221; rt_row_paddings=&#8221;true&#8221; rt_bg_effect=&#8221;parallax&#8221; rt_bg_parallax_effect=&#8221;1&#8243; rt_bg_image_repeat=&#8221;repeat&#8221; rt_bg_size=&#8221;cover&#8221; rt_bg_position=&#8221;center bottom&#8221; rt_bg_video_format=&#8221;self-hosted&#8221; rt_padding_top=&#8221;190&#8243; rt_padding_bottom=&#8221;0&#8243; rt_grid=&#8221;&#8221; rt_bg_color=&#8221;#a2a5aa&#8221; rt_bg_overlay_color=&#8221;rgba(162,165,170,0.75)&#8221; rt_bg_image=&#8221;1911&#8243;][vc_column width=&#8221;1\/2&#8243; rt_column_shadow=&#8221;&#8221; rt_bg_image_repeat=&#8221;repeat&#8221; rt_bg_size=&#8221;auto auto&#8221; rt_bg_attachment=&#8221;scroll&#8221;][vc_empty_space height=&#8221;90px&#8221;]<div class=\"rt_heading_wrapper no-style\">\n\t\t\t\t\t\t<h1 class=\"rt_heading  no-style\"  style=\"font-size:65px;line-height:65px;letter-spacing:2px;\">PERCH\u00c9 NANOSILICAL DEVICES<\/h1>\n\t\t\t\t\t<\/div>[\/vc_column][vc_column width=&#8221;1\/2&#8243; rt_column_shadow=&#8221;&#8221; rt_bg_image_repeat=&#8221;repeat&#8221; rt_bg_size=&#8221;auto auto&#8221; rt_bg_attachment=&#8221;scroll&#8221;][vc_column_text]<br \/>\n[\/vc_column_text][\/vc_column][\/vc_row][vc_row rt_row_background_width=&#8221;fullwidth&#8221; rt_row_content_width=&#8221;default&#8221; rt_row_style=&#8221;default-style&#8221; rt_row_borders=&#8221;bottom&#8221; rt_row_shadows=&#8221;&#8221; rt_row_paddings=&#8221;true&#8221; rt_bg_effect=&#8221;classic&#8221; rt_bg_image_repeat=&#8221;repeat&#8221; rt_bg_size=&#8221;cover&#8221; rt_bg_position=&#8221;right top&#8221; rt_bg_attachment=&#8221;scroll&#8221; rt_bg_video_format=&#8221;self-hosted&#8221; rt_padding_bottom=&#8221;60&#8243;][vc_column width=&#8221;1\/2&#8243; rt_column_shadow=&#8221;&#8221; rt_bg_image_repeat=&#8221;repeat&#8221; rt_bg_size=&#8221;auto auto&#8221; rt_bg_attachment=&#8221;scroll&#8221;][vc_column_text]L\u2019idea nasce dalla <strong>progressiva conoscenza delle potenzialit\u00e0 di nanostrutturazione della materia<\/strong> offerte dalle architetture di silice mesoporosa. Esse possono essere, infatti,<strong> ingegnerizzate con molteplici strutture molecolari<\/strong> acquisendo cos\u00ec la capacit\u00e0 di rispondere a stimoli con delle azioni o di indurre esse stesse delle risposte sulle strutture circostanti. Tutto ci\u00f2 \u00e8 possibile impiegando sistemi di dimensioni nanometriche.<\/p>\n<p>Queste potenzialit\u00e0, congiuntamente alla consapevolezza che un\u2019attenta osservazione dei sistemi naturali possa avere l\u2019intrinseco potenziale di suggerire approcci innovativi alla soluzione di svariate tipologie di problemi, <strong>rendono le silici mesoporose uno strumento ad elevatissimo valore aggiunto<\/strong>, il cui limite arriva a risiedere esclusivamente nella fantasia di chi progetta il materiale.<\/p>\n<p>I clienti della NanoSiliCal Devices sono le aziende farmaceutiche e biotech che possono acquistare i prototipi per avviarli alla sperimentazione clinica o acquisire le licenze dei brevetti. Una volta caratterizzati adeguatamente e corredati dei dati di efficacia e sicurezza preclinica, i prototipi saranno presentati ai potenziali clienti (aziende farmaceutiche e biotech) allo scopo di addivenire ad una eventuale cooperazione o vendita o cessione in licenza.<\/p>\n<p>Ecco perch\u00e9 scegliere i nostri prodotti\/servizi:<\/p>\n<ul>\n<li>sono innovativi e come tali brevettabili (possibilit\u00e0 di acquisire licenza, per successivo sviluppo clinico);<\/li>\n<li>lo sviluppo di questi prodotti (i cosiddetti \u201cbiobetters\u201d) risulta caratterizzato da un rischio di insuccesso inferiore rispetto alle cosiddette <em>new chemical entities<\/em>.<\/li>\n<\/ul>\n<p>[\/vc_column_text][\/vc_column][vc_column width=&#8221;1\/2&#8243; rt_column_shadow=&#8221;&#8221; rt_bg_image_repeat=&#8221;repeat&#8221; rt_bg_size=&#8221;auto auto&#8221; rt_bg_attachment=&#8221;scroll&#8221; rt_margin_top=&#8221;-200&#8243; rt_bg_color=&#8221;&#8221; rt_padding_left=&#8221;30&#8243; rt_padding_right=&#8221;30&#8243;]<div  class=\"circle-slider\" data-background-images=\"http:\/\/www.nanosilicaldevices.com\/wp-content\/uploads\/2016\/01\/circle-1.jpg,http:\/\/www.nanosilicaldevices.com\/wp-content\/uploads\/2016\/01\/circle-4.jpg,http:\/\/www.nanosilicaldevices.com\/wp-content\/uploads\/2016\/01\/circle-3.jpg,http:\/\/www.nanosilicaldevices.com\/wp-content\/uploads\/2016\/01\/circle-2.jpg\">\n<div class=\"circle-one\"><\/div>\n<div class=\"circle-two\"><\/div>\n<div class=\"circle-three\"><\/div>\n<div class=\"circle-four\"><\/div>\n<\/div>\n[\/vc_column][\/vc_row][vc_row rt_row_background_width=&#8221;fullwidth&#8221; rt_row_content_width=&#8221;fullwidth&#8221; rt_row_style=&#8221;alt-style-2&#8243; rt_row_borders=&#8221;&#8221; rt_row_shadows=&#8221;&#8221; rt_column_view=&#8221;equal_heights&#8221; rt_row_paddings=&#8221;false&#8221; rt_bg_effect=&#8221;classic&#8221; rt_bg_image_repeat=&#8221;repeat&#8221; rt_bg_size=&#8221;cover&#8221; rt_bg_position=&#8221;right top&#8221; rt_bg_attachment=&#8221;scroll&#8221; rt_bg_video_format=&#8221;self-hosted&#8221;][vc_column width=&#8221;1\/3&#8243; rt_column_shadow=&#8221;&#8221; rt_bg_image_repeat=&#8221;repeat&#8221; rt_bg_size=&#8221;auto auto&#8221; rt_bg_attachment=&#8221;scroll&#8221; rt_bg_color=&#8221;rgba(0,0,0,0.1)&#8221; rt_padding_top=&#8221;60&#8243; rt_padding_bottom=&#8221;60&#8243; rt_padding_left=&#8221;60&#8243; rt_padding_right=&#8221;60&#8243;]<div class=\"rt_heading_wrapper style-4\">\n\t\t\t\t\t\t<h3 class=\"rt_heading  with_punchline style-4\" ><span class=\"punchline\">Professionalit\u00e0<\/span>Struttura<\/h3>\n\t\t\t\t\t<\/div>[vc_column_text]La NanoSiliCal Devices \u00e8 una start-up innovativa e uno spin-off dell\u2019Universit\u00e0 della Calabria, fondata da tre professionisti: Luigi Pasqua (CEO), Antonella Leggio (CRO) e Catia Morelli (CRO). La sua sede amministrativa ed operativa \u00e8 localizzata all\u2019interno dell\u2019Universit\u00e0 della Calabria.[\/vc_column_text][\/vc_column][vc_column width=&#8221;1\/3&#8243; rt_column_shadow=&#8221;&#8221; rt_bg_image_repeat=&#8221;repeat&#8221; rt_bg_size=&#8221;auto auto&#8221; rt_bg_attachment=&#8221;scroll&#8221; rt_bg_color=&#8221;rgba(0,0,0,0.05)&#8221; rt_padding_top=&#8221;60&#8243; rt_padding_bottom=&#8221;60&#8243; rt_padding_left=&#8221;60&#8243; rt_padding_right=&#8221;60&#8243;]<div class=\"rt_heading_wrapper style-4\">\n\t\t\t\t\t\t<h3 class=\"rt_heading  with_punchline style-4\" ><span class=\"punchline\">Innovazione<\/span>I laboratori<\/h3>\n\t\t\t\t\t<\/div>[vc_column_text]I laboratori e gli uffici della NanoSiliCal Devices sono localizzati, insieme con altri, all\u2019interno del Dipartimento di Farmacia e Scienze della Salute e Naturali dell\u2019Universit\u00e0 della Calabria, un\u2019area appositamente progettata per facilitare i trasferimenti di tecnologia. I laboratori sono forniti di tutti gli strumenti per la produzione di test chimici e fisici.[\/vc_column_text][\/vc_column][vc_column width=&#8221;1\/3&#8243; rt_column_shadow=&#8221;&#8221; rt_bg_image_repeat=&#8221;repeat&#8221; rt_bg_size=&#8221;auto auto&#8221; rt_bg_attachment=&#8221;scroll&#8221; rt_padding_top=&#8221;60&#8243; rt_padding_bottom=&#8221;60&#8243; rt_padding_left=&#8221;60&#8243; rt_padding_right=&#8221;60&#8243; rt_bg_color=&#8221;&#8221;]<div class=\"rt_heading_wrapper style-4\">\n\t\t\t\t\t\t<h3 class=\"rt_heading  with_punchline style-4\" ><span class=\"punchline\">Qualit\u00e0<\/span>Perch\u00e9 NanoSiliCal Devices<\/h3>\n\t\t\t\t\t<\/div>[vc_column_text]Le basi di silice mesoporosa possono essere modificate e combinate in diverse strutture molecolari per reagire alle stimolazioni o per indurre esse stesse reazioni biologiche. La silice mesoporosa pu\u00f2 essere uno strumento altamente qualificato e un approccio innovativo per risolvere diverse classi di problemi.[\/vc_column_text][\/vc_column][\/vc_row]<\/p>\n","protected":false},"excerpt":{"rendered":"<p>[vc_row rt_row_background_width=&#8221;fullwidth&#8221; rt_row_content_width=&#8221;default&#8221; rt_row_style=&#8221;alt-style-2&#8243; rt_row_borders=&#8221;&#8221; rt_row_shadows=&#8221;&#8221; rt_row_paddings=&#8221;true&#8221; rt_bg_effect=&#8221;parallax&#8221; rt_bg_parallax_effect=&#8221;1&#8243; rt_bg_image_repeat=&#8221;repeat&#8221; rt_bg_size=&#8221;cover&#8221; rt_bg_position=&#8221;center bottom&#8221; rt_bg_video_format=&#8221;self-hosted&#8221; rt_padding_top=&#8221;190&#8243; rt_padding_bottom=&#8221;0&#8243; rt_grid=&#8221;&#8221; rt_bg_color=&#8221;#a2a5aa&#8221; rt_bg_overlay_color=&#8221;rgba(162,165,170,0.75)&#8221; rt_bg_image=&#8221;1911&#8243;][vc_column width=&#8221;1\/2&#8243; rt_column_shadow=&#8221;&#8221; rt_bg_image_repeat=&#8221;repeat&#8221; rt_bg_size=&#8221;auto auto&#8221; rt_bg_attachment=&#8221;scroll&#8221;][vc_empty_space height=&#8221;90px&#8221;][\/vc_column][vc_column width=&#8221;1\/2&#8243; rt_column_shadow=&#8221;&#8221; rt_bg_image_repeat=&#8221;repeat&#8221; rt_bg_size=&#8221;auto auto&#8221; rt_bg_attachment=&#8221;scroll&#8221;][vc_column_text] [\/vc_column_text][\/vc_column][\/vc_row][vc_row rt_row_background_width=&#8221;fullwidth&#8221; rt_row_content_width=&#8221;default&#8221; rt_row_style=&#8221;default-style&#8221; rt_row_borders=&#8221;bottom&#8221; rt_row_shadows=&#8221;&#8221; rt_row_paddings=&#8221;true&#8221; rt_bg_effect=&#8221;classic&#8221; rt_bg_image_repeat=&#8221;repeat&#8221; rt_bg_size=&#8221;cover&#8221; rt_bg_position=&#8221;right top&#8221; rt_bg_attachment=&#8221;scroll&#8221; rt_bg_video_format=&#8221;self-hosted&#8221; rt_padding_bottom=&#8221;60&#8243;][vc_column width=&#8221;1\/2&#8243; rt_column_shadow=&#8221;&#8221; rt_bg_image_repeat=&#8221;repeat&#8221; rt_bg_size=&#8221;auto auto&#8221; rt_bg_attachment=&#8221;scroll&#8221;][vc_column_text]L\u2019idea nasce &#8230; <a class=\"more-link\" href=\"http:\/\/www.nanosilicaldevices.com\/it\/perche-nanosilicaldevices\/\">Continue reading<\/a><\/p>\n","protected":false},"author":1,"featured_media":0,"parent":0,"menu_order":0,"comment_status":"closed","ping_status":"closed","template":"","meta":{"footnotes":""},"class_list":["post-3562","page","type-page","status-publish","hentry"],"_links":{"self":[{"href":"http:\/\/www.nanosilicaldevices.com\/it\/wp-json\/wp\/v2\/pages\/3562","targetHints":{"allow":["GET"]}}],"collection":[{"href":"http:\/\/www.nanosilicaldevices.com\/it\/wp-json\/wp\/v2\/pages"}],"about":[{"href":"http:\/\/www.nanosilicaldevices.com\/it\/wp-json\/wp\/v2\/types\/page"}],"author":[{"embeddable":true,"href":"http:\/\/www.nanosilicaldevices.com\/it\/wp-json\/wp\/v2\/users\/1"}],"replies":[{"embeddable":true,"href":"http:\/\/www.nanosilicaldevices.com\/it\/wp-json\/wp\/v2\/comments?post=3562"}],"version-history":[{"count":5,"href":"http:\/\/www.nanosilicaldevices.com\/it\/wp-json\/wp\/v2\/pages\/3562\/revisions"}],"predecessor-version":[{"id":3765,"href":"http:\/\/www.nanosilicaldevices.com\/it\/wp-json\/wp\/v2\/pages\/3562\/revisions\/3765"}],"wp:attachment":[{"href":"http:\/\/www.nanosilicaldevices.com\/it\/wp-json\/wp\/v2\/media?parent=3562"}],"curies":[{"name":"wp","href":"https:\/\/api.w.org\/{rel}","templated":true}]}}