{"id":3567,"date":"2018-04-07T10:49:26","date_gmt":"2018-04-07T10:49:26","guid":{"rendered":"http:\/\/www.nanosilicaldevices.com\/partners\/"},"modified":"2019-07-07T19:18:36","modified_gmt":"2019-07-07T17:18:36","slug":"partner","status":"publish","type":"page","link":"http:\/\/www.nanosilicaldevices.com\/it\/partner\/","title":{"rendered":"Partner"},"content":{"rendered":"<p>[vc_row rt_row_background_width=&#8221;fullwidth&#8221; rt_row_content_width=&#8221;default&#8221; rt_row_style=&#8221;light-style&#8221; rt_column_placement=&#8221;middle&#8221; rt_row_borders=&#8221;&#8221; rt_row_shadows=&#8221;&#8221; rt_row_paddings=&#8221;true&#8221; rt_bg_effect=&#8221;classic&#8221; rt_bg_image_repeat=&#8221;repeat&#8221; rt_bg_size=&#8221;cover&#8221; rt_bg_position=&#8221;right top&#8221; rt_bg_attachment=&#8221;scroll&#8221; rt_bg_video_format=&#8221;self-hosted&#8221; rt_padding_top=&#8221;110&#8243; rt_padding_bottom=&#8221;0&#8243; rt_bg_image=&#8221;2980&#8243; rt_bg_overlay_color=&#8221;rgba(0,0,0,0.4)&#8221; rt_row_height=&#8221;560&#8243;][vc_column width=&#8221;1\/2&#8243; rt_column_shadow=&#8221;&#8221; rt_bg_image_repeat=&#8221;repeat&#8221; rt_bg_size=&#8221;auto auto&#8221; rt_bg_attachment=&#8221;scroll&#8221;][vc_empty_space height=&#8221;92px&#8221;]<div class=\"rt_heading_wrapper style-6\">\n\t\t\t\t\t\t<h1 class=\"rt_heading  style-6\"  style=\"font-size:44px;\">Partner<\/h1>\n\t\t\t\t\t<\/div>[\/vc_column][vc_column width=&#8221;1\/2&#8243; rt_column_shadow=&#8221;&#8221; rt_bg_image_repeat=&#8221;repeat&#8221; rt_bg_size=&#8221;auto auto&#8221; rt_bg_attachment=&#8221;scroll&#8221; rt_bg_color=&#8221;rgba(0,0,0,0.2)&#8221; rt_bg_overlay_color=&#8221;&#8221; rt_padding_top=&#8221;30&#8243; rt_padding_bottom=&#8221;30&#8243; rt_padding_left=&#8221;30&#8243; rt_padding_right=&#8221;30&#8243;]\r\n\t\t\t\t<div id=\"slider-testimonial-dynamicID-504513\" class=\"rt-carousel carousel-holder clearfix testimonial-carousel testimonials center big\" data-item-width=\"1\" data-nav=\"true\" data-dots=\"false\" data-margin=\"40\" data-autoplay=\"false\" data-timeout=\"5000\" data-thumbnails=\"false\" data-boxed=\"false\">\r\n\t\t\t\t\t<div class=\"owl-carousel\">\r\n\t\t\t\t\t\t<div><div class=\"testimonial item\">\n\n\n\n<div class=\"text \">\n\t<p>\n\t\t<span class=\"icon-quote-left\"><\/span>\n\t\t\tEnsymm UG&amp;CO.KG is a German based premier project consulting company for Life Science, serving biotech companies, pharmaceutical industry and food ingredient companies. Ensymm offers technology transfer, project management and consulting for companies, governmental organization, private investors and universities. They provide clients with a variety of business and technology consulting services as well as with specialized teams in various areas of competence. \r\n\t\t<span class=\"icon-quote-right\"><\/span>\n\t<\/p>\n\t<div class=\"client_info\">\n\n\t\t\tEnsymm \n\t\t- <span>Project consulting company<\/span>\t\t\n\t\t<a href=\"http:\/\/ensymm.com\/\" target=\"_blank\" title=\"Visit Website\" class=\"client_link\">Visit Website<\/a>\t\t\t\n\t\t\n\n\t<\/div>\n<\/div><\/div>\n<\/div><div><div class=\"testimonial item\">\n\n\n\n<div class=\"text \">\n\t<p>\n\t\t<span class=\"icon-quote-left\"><\/span>\n\t\t\tL'Universit\u00e0 della Calabria (in breve UniCal) \u00e8 una universit\u00e0 statale italiana fondata nel 1972, la maggiore delle universit\u00e0 calabresi. L'Ateneo \u00e8 situato sulle colline di Arcavacata, frazione del comune di Rende, nell'area urbana di Cosenza. Tra i suoi fondatori vi furono Beniamino Andreatta, Giorgio Gagliani, Pietro Bucci e Paolo Sylos Labini. Nel 2016 si contano 27 672 studenti iscritti.\t\t<span class=\"icon-quote-right\"><\/span>\n\t<\/p>\n\t<div class=\"client_info\">\n\n\t\t\tUniversit\u00e0 della Calabria \n\t\t\t\t\n\t\t\t\t<a href=\"http:\/\/www.unical.it\" target=\"_blank\" class=\"client_link\">www.unical.it<\/a>\t\n\t\t\n\n\t<\/div>\n<\/div><\/div>\n<\/div><div><div class=\"testimonial item\">\n\n\n\n<div class=\"text \">\n\t<p>\n\t\t<span class=\"icon-quote-left\"><\/span>\n\t\t\tIl Fondo Europeo di Sviluppo Regionale (FESR) \u00e8 uno dei fondi strutturali dell'Unione europea. \u00c8 lo strumento principale della sua politica regionale ed \u00e8 gestito dal Commissario europeo per la Politica Regionale.\t\t<span class=\"icon-quote-right\"><\/span>\n\t<\/p>\n\t<div class=\"client_info\">\n\n\t\t\tFondo europeo di sviluppo regionale \n\t\t\t\t\n\t\t\t\t<a href=\"http:\/\/ec.europa.eu\/regional_policy\/index.cfm\/it\/funding\/erdf\/\" target=\"_blank\" class=\"client_link\">ec.europa.eu\/regional_policy\/index.cfm\/it\/funding\/erdf\/<\/a>\t\n\t\t\n\n\t<\/div>\n<\/div><\/div>\n<\/div>\r\n\t\t\t\t\t<\/div>\r\n\t\t\t\t\t\r\n\t\t\t\t\t\r\n\t\t\t\t<\/div>\r\n\t\t\t[\/vc_column][\/vc_row][vc_row rt_row_background_width=&#8221;fullwidth&#8221; rt_row_content_width=&#8221;default&#8221; rt_row_style=&#8221;default-style&#8221; rt_row_borders=&#8221;&#8221; rt_row_shadows=&#8221;&#8221; rt_column_view=&#8221;boxed_columns&#8221; rt_row_paddings=&#8221;true&#8221; rt_bg_effect=&#8221;classic&#8221; rt_bg_image_repeat=&#8221;repeat&#8221; rt_bg_size=&#8221;cover&#8221; rt_bg_position=&#8221;right top&#8221; rt_bg_attachment=&#8221;scroll&#8221; rt_bg_video_format=&#8221;self-hosted&#8221; rt_padding_top=&#8221;60&#8243; rt_padding_bottom=&#8221;60&#8243;][vc_column rt_column_shadow=&#8221;&#8221; rt_bg_image_repeat=&#8221;repeat&#8221; rt_bg_size=&#8221;auto auto&#8221; rt_bg_attachment=&#8221;scroll&#8221; rt_bg_color=&#8221;&#8221; rt_bg_overlay_color=&#8221;&#8221;]<section id=\"testimonial-811660\" class=\"testimonials clearfix  left \" data-column-width=\"1\"><div class=\"row\"><div id=\"3686\" class=\"testimonial col col-sm-12  first loop post-3686 testimonial type-testimonial status-publish hentry testimonial_categories-istituzioni\">\n\n\n\n<div class=\"text \">\n\t<p>\n\t\t<span class=\"icon-quote-left\"><\/span>\n\t\t\tEnsymm UG&amp;CO.KG is a German based premier project consulting company for Life Science, serving biotech companies, pharmaceutical industry and food ingredient companies. Ensymm offers technology transfer, project management and consulting for companies, governmental organization, private investors and universities. They provide clients with a variety of business and technology consulting services as well as with specialized teams in various areas of competence. \r\n\t\t<span class=\"icon-quote-right\"><\/span>\n\t<\/p>\n\t<div class=\"client_info\">\n\n\t\t\tEnsymm \n\t\t- <span>Project consulting company<\/span>\t\t\n\t\t<a href=\"http:\/\/ensymm.com\/\" target=\"_blank\" title=\"Visit Website\" class=\"client_link\">Visit Website<\/a>\t\t\t\n\t\t\n\n\t<\/div>\n<\/div><\/div>\n<\/div><div class=\"row\"><div id=\"3689\" class=\"testimonial col col-sm-12  first loop post-3689 testimonial type-testimonial status-publish has-post-thumbnail hentry testimonial_categories-istituzioni\">\n\n<div class=\"client_image gradient\">\n\t<img decoding=\"async\" src=\"http:\/\/www.nanosilicaldevices.com\/wp-content\/uploads\/2014\/04\/Unicallogo-400x312.jpg\" alt=\"\" class=\"\" \/><\/div>\n\n\n<div class=\"text with_image\">\n\t<p>\n\t\t<span class=\"icon-quote-left\"><\/span>\n\t\t\tL'Universit\u00e0 della Calabria (in breve UniCal) \u00e8 una universit\u00e0 statale italiana fondata nel 1972, la maggiore delle universit\u00e0 calabresi. L'Ateneo \u00e8 situato sulle colline di Arcavacata, frazione del comune di Rende, nell'area urbana di Cosenza. Tra i suoi fondatori vi furono Beniamino Andreatta, Giorgio Gagliani, Pietro Bucci e Paolo Sylos Labini. Nel 2016 si contano 27 672 studenti iscritti.\t\t<span class=\"icon-quote-right\"><\/span>\n\t<\/p>\n\t<div class=\"client_info\">\n\n\t\t\tUniversit\u00e0 della Calabria \n\t\t\t\t\n\t\t\t\t<a href=\"http:\/\/www.unical.it\" target=\"_blank\" class=\"client_link\">www.unical.it<\/a>\t\n\t\t\n\n\t<\/div>\n<\/div><\/div>\n<\/div><div class=\"row\"><div id=\"3693\" class=\"testimonial col col-sm-12  first loop post-3693 testimonial type-testimonial status-publish has-post-thumbnail hentry testimonial_categories-istituzioni\">\n\n<div class=\"client_image gradient\">\n\t<img decoding=\"async\" src=\"http:\/\/www.nanosilicaldevices.com\/wp-content\/uploads\/2014\/01\/FDI2015_footer-ue-400x400.png\" alt=\"\" class=\"\" \/><\/div>\n\n\n<div class=\"text with_image\">\n\t<p>\n\t\t<span class=\"icon-quote-left\"><\/span>\n\t\t\tIl Fondo Europeo di Sviluppo Regionale (FESR) \u00e8 uno dei fondi strutturali dell'Unione europea. \u00c8 lo strumento principale della sua politica regionale ed \u00e8 gestito dal Commissario europeo per la Politica Regionale.\t\t<span class=\"icon-quote-right\"><\/span>\n\t<\/p>\n\t<div class=\"client_info\">\n\n\t\t\tFondo europeo di sviluppo regionale \n\t\t\t\t\n\t\t\t\t<a href=\"http:\/\/ec.europa.eu\/regional_policy\/index.cfm\/it\/funding\/erdf\/\" target=\"_blank\" class=\"client_link\">ec.europa.eu\/regional_policy\/index.cfm\/it\/funding\/erdf\/<\/a>\t\n\t\t\n\n\t<\/div>\n<\/div><\/div>\n<\/div><div class=\"row\"><div id=\"3697\" class=\"testimonial col col-sm-12  first loop post-3697 testimonial type-testimonial status-publish has-post-thumbnail hentry testimonial_categories-istituzioni\">\n\n<div class=\"client_image gradient\">\n\t<img decoding=\"async\" src=\"http:\/\/www.nanosilicaldevices.com\/wp-content\/uploads\/2014\/01\/wipo_pct_logo270-1.jpg\" alt=\"\" class=\"\" \/><\/div>\n\n\n<div class=\"text with_image\">\n\t<p>\n\t\t<span class=\"icon-quote-left\"><\/span>\n\t\t\tThe Patent Cooperation Treaty (PCT) assists applicants in seeking patent protection internationally for their inventions, helps patent Offices with their patent granting decisions, and facilitates public access to a wealth of technical information relating to those inventions. By filing one international patent application under the PCT, applicants can simultaneously seek protection for an invention in a very large number of countries.\t\t<span class=\"icon-quote-right\"><\/span>\n\t<\/p>\n\t<div class=\"client_info\">\n\n\t\t\tWIPO - PCT \n\t\t\t\t\n\t\t\t\t<a href=\"http:\/\/www.wipo.int\/pct\/en\/\" target=\"_blank\" class=\"client_link\">www.wipo.int\/pct\/en\/<\/a>\t\n\t\t\n\n\t<\/div>\n<\/div><\/div>\n<\/div><\/section>[\/vc_column][\/vc_row][vc_row rt_row_background_width=&#8221;fullwidth&#8221; rt_row_content_width=&#8221;default&#8221; rt_row_style=&#8221;alt-style-1&#8243; rt_row_borders=&#8221;top,bottom&#8221; rt_row_shadows=&#8221;top,bottom&#8221; rt_row_paddings=&#8221;true&#8221; rt_bg_effect=&#8221;classic&#8221; rt_bg_image_repeat=&#8221;repeat&#8221; rt_bg_size=&#8221;cover&#8221; rt_bg_position=&#8221;right top&#8221; rt_bg_attachment=&#8221;scroll&#8221; rt_bg_video_format=&#8221;self-hosted&#8221; rt_padding_top=&#8221;60&#8243; rt_padding_bottom=&#8221;60&#8243;][vc_column rt_column_shadow=&#8221;&#8221; rt_bg_image_repeat=&#8221;repeat&#8221; rt_bg_size=&#8221;auto auto&#8221; rt_bg_attachment=&#8221;scroll&#8221; rt_bg_color=&#8221;&#8221; rt_bg_overlay_color=&#8221;&#8221;]<section id=\"testimonial-317777\" class=\"testimonials clearfix  center big \" data-column-width=\"1\"><\/section>[\/vc_column][\/vc_row][vc_row rt_row_background_width=&#8221;fullwidth&#8221; rt_row_content_width=&#8221;default&#8221; rt_row_style=&#8221;default-style&#8221; rt_row_borders=&#8221;&#8221; rt_row_shadows=&#8221;&#8221; rt_column_view=&#8221;boxed_columns&#8221; rt_row_paddings=&#8221;true&#8221; rt_bg_effect=&#8221;classic&#8221; rt_bg_image_repeat=&#8221;repeat&#8221; rt_bg_size=&#8221;cover&#8221; rt_bg_position=&#8221;right top&#8221; rt_bg_attachment=&#8221;scroll&#8221; rt_bg_video_format=&#8221;self-hosted&#8221; rt_padding_top=&#8221;60&#8243; rt_padding_bottom=&#8221;60&#8243;][vc_column rt_column_shadow=&#8221;&#8221; rt_bg_image_repeat=&#8221;repeat&#8221; rt_bg_size=&#8221;auto auto&#8221; rt_bg_attachment=&#8221;scroll&#8221; rt_bg_color=&#8221;&#8221; rt_bg_overlay_color=&#8221;&#8221;]<section id=\"testimonial-919998\" class=\"testimonials clearfix  center \" data-column-width=\"2\"><\/section>[\/vc_column][\/vc_row][vc_row rt_row_background_width=&#8221;fullwidth&#8221; rt_row_content_width=&#8221;default&#8221; rt_row_style=&#8221;default-style&#8221; rt_row_borders=&#8221;&#8221; rt_row_shadows=&#8221;&#8221; rt_row_paddings=&#8221;true&#8221; rt_bg_effect=&#8221;classic&#8221; rt_bg_image_repeat=&#8221;repeat&#8221; rt_bg_size=&#8221;cover&#8221; rt_bg_position=&#8221;right top&#8221; rt_bg_attachment=&#8221;scroll&#8221; rt_bg_video_format=&#8221;self-hosted&#8221;][vc_column width=&#8221;1\/2&#8243; rt_column_shadow=&#8221;&#8221; rt_bg_image_repeat=&#8221;repeat&#8221; rt_bg_size=&#8221;auto auto&#8221; rt_bg_attachment=&#8221;scroll&#8221;]<article  class=\"icon-content-box content-box icon-left icon-style-1\"><div class=\"icon-holder\"><span class=\"icon-graduation-cap\"><\/span><\/div><div class=\"text-holder\"><h2 class=\"heading\">Scientific Advisory Board<\/h2> <p><strong>Massimo Iacobelli<\/strong>, MD, consultant for Biotech\/Pharma companies. Independent expert of the European Commission for H2020 grant applications. Past VP Scientific and Medical Director of Gentium SpA;<\/p>\n<p><strong>Paul Richardson<\/strong>, MD Clinical Program Leader and Director of Clinical Research, Jerome Lipper Multiple Myeloma Center, Dana Farber Cancer Institute and Professor of Medicine, Harvard Medical School, Boston, MA, USA;<\/p>\n<p><strong>Jawed Fareed<\/strong>, PhD, Professor of Molecular Pharmacology and Therapeutics, Loyola University, Chicago, IL, USA.<\/p>\n<\/div><\/article>[\/vc_column][vc_column width=&#8221;1\/2&#8243; rt_column_shadow=&#8221;&#8221; rt_bg_image_repeat=&#8221;repeat&#8221; rt_bg_size=&#8221;auto auto&#8221; rt_bg_attachment=&#8221;scroll&#8221;]<article  class=\"icon-content-box content-box icon-left icon-style-1\"><div class=\"icon-holder\"><span class=\"icon-building\"><\/span><\/div><div class=\"text-holder\"><h2 class=\"heading\">DCMT facility<\/h2> <p>At the DCMT are available a rodents animal house, histology and immunohistochemistry laboratories, a facility for neurophysiological studies, labs for molecular biology, biochemistry and cell cultures, optical and confocal microscopies, devices for real-time PCR and for rodents live imaging and a flow cytometer (FACS). DCMT research facility, moreover, includes a laser microdissection tool and an image analysis area.<\/p>\n<\/div><\/article>[\/vc_column][\/vc_row]<\/p>\n","protected":false},"excerpt":{"rendered":"<p>[vc_row rt_row_background_width=&#8221;fullwidth&#8221; rt_row_content_width=&#8221;default&#8221; rt_row_style=&#8221;light-style&#8221; rt_column_placement=&#8221;middle&#8221; rt_row_borders=&#8221;&#8221; rt_row_shadows=&#8221;&#8221; rt_row_paddings=&#8221;true&#8221; rt_bg_effect=&#8221;classic&#8221; rt_bg_image_repeat=&#8221;repeat&#8221; rt_bg_size=&#8221;cover&#8221; rt_bg_position=&#8221;right top&#8221; rt_bg_attachment=&#8221;scroll&#8221; rt_bg_video_format=&#8221;self-hosted&#8221; rt_padding_top=&#8221;110&#8243; rt_padding_bottom=&#8221;0&#8243; rt_bg_image=&#8221;2980&#8243; rt_bg_overlay_color=&#8221;rgba(0,0,0,0.4)&#8221; rt_row_height=&#8221;560&#8243;][vc_column width=&#8221;1\/2&#8243; rt_column_shadow=&#8221;&#8221; rt_bg_image_repeat=&#8221;repeat&#8221; rt_bg_size=&#8221;auto auto&#8221; rt_bg_attachment=&#8221;scroll&#8221;][vc_empty_space height=&#8221;92px&#8221;][\/vc_column][vc_column width=&#8221;1\/2&#8243; rt_column_shadow=&#8221;&#8221; rt_bg_image_repeat=&#8221;repeat&#8221; rt_bg_size=&#8221;auto auto&#8221; rt_bg_attachment=&#8221;scroll&#8221; rt_bg_color=&#8221;rgba(0,0,0,0.2)&#8221; rt_bg_overlay_color=&#8221;&#8221; rt_padding_top=&#8221;30&#8243; rt_padding_bottom=&#8221;30&#8243; rt_padding_left=&#8221;30&#8243; rt_padding_right=&#8221;30&#8243;][\/vc_column][\/vc_row][vc_row rt_row_background_width=&#8221;fullwidth&#8221; rt_row_content_width=&#8221;default&#8221; rt_row_style=&#8221;default-style&#8221; rt_row_borders=&#8221;&#8221; rt_row_shadows=&#8221;&#8221; rt_column_view=&#8221;boxed_columns&#8221; rt_row_paddings=&#8221;true&#8221; rt_bg_effect=&#8221;classic&#8221; rt_bg_image_repeat=&#8221;repeat&#8221; rt_bg_size=&#8221;cover&#8221; rt_bg_position=&#8221;right top&#8221; rt_bg_attachment=&#8221;scroll&#8221; rt_bg_video_format=&#8221;self-hosted&#8221; rt_padding_top=&#8221;60&#8243; rt_padding_bottom=&#8221;60&#8243;][vc_column &#8230; <a class=\"more-link\" href=\"http:\/\/www.nanosilicaldevices.com\/it\/testimonial\/auto-draft-2\/\">Continue reading<\/a><\/p>\n","protected":false},"author":1,"featured_media":0,"parent":0,"menu_order":0,"comment_status":"closed","ping_status":"closed","template":"","meta":{"footnotes":""},"class_list":["post-3567","page","type-page","status-publish","hentry"],"_links":{"self":[{"href":"http:\/\/www.nanosilicaldevices.com\/it\/wp-json\/wp\/v2\/pages\/3567","targetHints":{"allow":["GET"]}}],"collection":[{"href":"http:\/\/www.nanosilicaldevices.com\/it\/wp-json\/wp\/v2\/pages"}],"about":[{"href":"http:\/\/www.nanosilicaldevices.com\/it\/wp-json\/wp\/v2\/types\/page"}],"author":[{"embeddable":true,"href":"http:\/\/www.nanosilicaldevices.com\/it\/wp-json\/wp\/v2\/users\/1"}],"replies":[{"embeddable":true,"href":"http:\/\/www.nanosilicaldevices.com\/it\/wp-json\/wp\/v2\/comments?post=3567"}],"version-history":[{"count":3,"href":"http:\/\/www.nanosilicaldevices.com\/it\/wp-json\/wp\/v2\/pages\/3567\/revisions"}],"predecessor-version":[{"id":3572,"href":"http:\/\/www.nanosilicaldevices.com\/it\/wp-json\/wp\/v2\/pages\/3567\/revisions\/3572"}],"wp:attachment":[{"href":"http:\/\/www.nanosilicaldevices.com\/it\/wp-json\/wp\/v2\/media?parent=3567"}],"curies":[{"name":"wp","href":"https:\/\/api.w.org\/{rel}","templated":true}]}}