{"id":3593,"date":"2018-04-08T17:32:52","date_gmt":"2018-04-08T17:32:52","guid":{"rendered":"http:\/\/www.nanosilicaldevices.com\/publications-and-ip\/"},"modified":"2021-03-31T17:32:25","modified_gmt":"2021-03-31T15:32:25","slug":"pubblicazioni-proprieta-intellettuale","status":"publish","type":"page","link":"http:\/\/www.nanosilicaldevices.com\/it\/pubblicazioni-proprieta-intellettuale\/","title":{"rendered":"Pubblicazioni e propriet\u00e0 intellettuale"},"content":{"rendered":"<p>[vc_row rt_row_background_width=&#8221;fullwidth&#8221; rt_row_content_width=&#8221;default&#8221; rt_row_style=&#8221;alt-style-2&#8243; rt_column_placement=&#8221;middle&#8221; rt_row_borders=&#8221;&#8221; rt_row_shadows=&#8221;&#8221; rt_row_paddings=&#8221;true&#8221; rt_bg_effect=&#8221;classic&#8221; rt_bg_image_repeat=&#8221;repeat&#8221; rt_bg_size=&#8221;cover&#8221; rt_bg_position=&#8221;right top&#8221; rt_bg_attachment=&#8221;scroll&#8221; rt_bg_video_format=&#8221;youtube&#8221; rt_padding_top=&#8221;110&#8243; rt_bg_image=&#8221;3091&#8243; rt_bg_overlay_color=&#8221;rgba(109,109,109,0.4)&#8221; rt_row_height=&#8221;475&#8243;][vc_column rt_column_shadow=&#8221;&#8221; rt_bg_image_repeat=&#8221;repeat&#8221; rt_bg_size=&#8221;auto auto&#8221; rt_bg_attachment=&#8221;scroll&#8221;]<div class=\"rt_heading_wrapper style-5\">\n\t\t\t\t\t\t<h1 class=\"rt_heading  style-5\"  style=\"font-size:48px;\">PUBBLICAZIONI E PROPRIET\u00c1 INTELLETTUALE <\/h1>\n\t\t\t\t\t<\/div>[\/vc_column][\/vc_row][vc_row rt_row_background_width=&#8221;fullwidth&#8221; rt_row_content_width=&#8221;default&#8221; rt_row_style=&#8221;default-style&#8221; rt_row_borders=&#8221;&#8221; rt_row_shadows=&#8221;&#8221; rt_row_paddings=&#8221;true&#8221; rt_bg_effect=&#8221;classic&#8221; rt_bg_image_repeat=&#8221;repeat&#8221; rt_bg_size=&#8221;cover&#8221; rt_bg_position=&#8221;right top&#8221; rt_bg_attachment=&#8221;scroll&#8221; rt_bg_video_format=&#8221;self-hosted&#8221; rt_padding_top=&#8221;80&#8243; rt_padding_bottom=&#8221;60&#8243;][vc_column rt_column_shadow=&#8221;&#8221; rt_bg_image_repeat=&#8221;repeat&#8221; rt_bg_size=&#8221;auto auto&#8221; rt_bg_attachment=&#8221;scroll&#8221;]<div class=\"rt_heading_wrapper style-7\">\n\t\t\t\t\t\t<h5 class=\"rt_heading  aligncenter style-7\"  style=\"font-size:19px;color:#5c5c5c;line-height:26px;\">Il lavoro della NanoSiliCal Devices gode di un ampio background di conoscenze e competenze acquisite in dieci anni di esperienza, derivante dai risultati di studi sperimentali che hanno portato a numerose richieste di brevetti a livello internazionale e pubblicazioni su riviste ad alto impact factor. Pertanto, la nostra azienda ha il know-how per sviluppare sistemi funzionalizzati utili per diverse terapie, non solo per il cancro, rendendo possibile il veicolamento di una grande variet\u00e0 di farmaci. <\/h5>\n\t\t\t\t\t<\/div>[\/vc_column][\/vc_row][vc_row rt_row_background_width=&#8221;fullwidth&#8221; rt_row_content_width=&#8221;default&#8221; rt_row_style=&#8221;alt-style-1&#8243; rt_row_borders=&#8221;top,bottom&#8221; rt_row_shadows=&#8221;top,bottom&#8221; rt_column_view=&#8221;grid&#8221; rt_row_paddings=&#8221;true&#8221; rt_bg_effect=&#8221;classic&#8221; rt_bg_image_repeat=&#8221;no-repeat&#8221; rt_bg_size=&#8221;cover&#8221; rt_bg_position=&#8221;center bottom&#8221; rt_bg_attachment=&#8221;fixed&#8221; rt_bg_video_format=&#8221;self-hosted&#8221; rt_grid=&#8221;true&#8221; rt_padding_top=&#8221;80&#8243; rt_padding_bottom=&#8221;80&#8243;][vc_column width=&#8221;1\/2&#8243; rt_column_shadow=&#8221;true&#8221; rt_bg_image_repeat=&#8221;repeat&#8221; rt_bg_size=&#8221;auto auto&#8221; rt_bg_attachment=&#8221;scroll&#8221; rt_bg_color=&#8221;#fbfbfb&#8221; rt_padding_top=&#8221;50&#8243; rt_padding_bottom=&#8221;50&#8243; rt_padding_left=&#8221;50&#8243; rt_padding_right=&#8221;50&#8243;]<div class=\"rt_heading_wrapper style-3\">\n\t\t\t\t\t\t<h4 class=\"rt_heading  style-3\" >Pubblicazioni<\/h4>\n\t\t\t\t\t<\/div>[vc_column_text css_animation=&#8221;fadeInLeft&#8221;]Pasqua L, Testa F, Aiello R, Cundari S, Nagy JB. <strong>Preparation of bifunctional hybrid mesoporous silica potentially useful for drug targeting<\/strong>. Micropor Mesopor Mat. 2007; 103: 166-73.<\/p>\n<p>Pasqua L, Morelli C., Testa F., Sisci D., Brunelli E., Aiello R., And\u00f2 S. and Nagy J.B. (2007). <strong>Preparation and cell inclusion of fluorescent folic acid- functionalized mesoporous silica microsphere potentially useful for drug targeting<\/strong>. Stud.Surf. Sci. Catal., Vol. 170, ISSN: 0167-2991<\/p>\n<p>Pasqua L, Cundari S.,. Ceresa C, Cavaletti G. (2009). <strong>Recent Development, Applications, and Perspectives of mesoporous Silica Particles in Medicine and Biotechnology<\/strong>. Curr Med Chem vol. 16, p. 3054-3063, ISSN: 0929-8673<\/p>\n<p>Morelli C., Maris P., Sisci D., Perrotta E., Brunelli E., Perrotta I., Panno M.L , Tagarelli A., Versace C., Casula M.F., Testa F.,.And\u00f2 S., Nagy J.B. and Pasqua L.; <strong>PEG-templated mesoporous silica nanoparticles Exclusively target cancer cells<\/strong>. Nanoscale. 2011; 3: 3198-207.<\/p>\n<p>Ceresa C., Nicolini G., Rigolio R., Bossi M., Pasqua L., Cavaletti G.; <strong>Functionalized Silica Nanoparticles: A Possible Strategy to Target Cancer Cells Reducing Peripheral Nervous System Uptake<\/strong>. Curr Med Chem. 2013; 20: 2589-600.[\/vc_column_text][\/vc_column][vc_column width=&#8221;1\/2&#8243; rt_column_shadow=&#8221;true&#8221; rt_bg_image_repeat=&#8221;repeat&#8221; rt_bg_size=&#8221;auto auto&#8221; rt_bg_attachment=&#8221;scroll&#8221; rt_padding_top=&#8221;50&#8243; rt_padding_bottom=&#8221;50&#8243; rt_padding_left=&#8221;50&#8243; rt_padding_right=&#8221;50&#8243; rt_bg_color=&#8221;#ffffff&#8221;]<div class=\"rt_heading_wrapper style-3\">\n\t\t\t\t\t\t<h4 class=\"rt_heading  style-3\" >Propriet\u00e0 intellettuale<\/h4>\n\t\t\t\t\t<\/div>[vc_column_text css_animation=&#8221;fadeInLeft&#8221;]La NanoSiliCal Devices possiede i seguenti brevetti:<\/p>\n<p><strong>1. EP2001514B1 &#8211;<\/strong> \u201cPreparazione di micro o nano sistemi a base di ossidi inorganici a porosit\u00e0 controllata per il trasporto di sostanze biologicamente attive o attivabili\u201d di Luigi Pasqua, Flaviano Testa, Rosario Aiello, Umberto Maione. Questo brevetto, che rivendica la tecnologia ed \u00e8 ora di propriet\u00e0 di NanoSiliCal Devices, \u00e8 stato concesso il 31\/05\/2017. In questo brevetto viene rivendicato ogni tipo di farmaco, di peptide e di ligandi recettore-specifici. Gli stati contraenti designati per l\u2019EP2001514B1 sono: Austria, Belgio, Svizzera, Cipro, Repubblica Ceca, Germania, Danimarca, Estonia, Spagna, Finlandia, Francia, Gran Bretagna, Grecia, Ungheria, Irlanda, Islanda, Italia, Liechtenstein, Lituania, Lussemburgo, Lettonia, Monaco, Olanda, Polonia, Portogallo, Romania, Svezia, Slovenia, Repubblica slovacca e Turchia.<\/p>\n<p><strong>2. PCT \/ IT2016 \/ 000111<\/strong> &#8220;Sistema di consegna basato sul bortezomib&#8221; di Pasqua L., Morelli C., Leggio A., Liguori A., And\u00f2 S., ora di propriet\u00e0 di NanoSiliCal Devices, numero di pubblicazione, WO2016174693 A1. Data di pubblicazione, 3 novembre 2016. Tutte le rivendicazioni di questa domanda soddisfano i requisiti di novit\u00e0, fasi inventive e applicabilit\u00e0 industriale (parere scritto dell&#8217;EPO il 04-01-2016). Il 29.04.2016 la NanoSiliCal Devices ha richiesto l&#8217;estensione dello stesso PCT a:<\/p>\n<p>&#8211; Canada \u2013 Domanda n. 2.985.311; Numero di riconoscimento: 14910\/00001.<\/p>\n<p>&#8211; Brevetto europeo &#8211; Domanda n. 16733715.3; Numero di riferimento: EPI-13871.<\/p>\n<p>&#8211; Cina &#8211; Domanda n. 201680024374.4; Numero di riconoscimento: 2017110800706640.<\/p>\n<p>&#8211; Russia &#8211; Domanda n. 2017135265; Numero di riconoscimento: 061612.<\/p>\n<p>&#8211; USA &#8211; Domanda n. 15 \/ 570.254; Numero del procuratore: GRT2818-327.<\/p>\n<p>&#8211; India &#8211; Presentazione relativa al codice: PCT \/ IT2016 \/ 00011.<\/p>\n<p>&#8211; Brasile &#8211; Domanda n. IT2016 \/ 000111.<\/p>\n<p>&#8211; Australia &#8211; Domanda n. 2016255738; Numero di riferimento 35273822 \/ PDB \/ KWW.<\/p>\n<p>La tecnologia innovativa di NanoSiliCal Devices \u00e8 in grado di generare rapidamente i dati necessari per estendere il ciclo di vita di un farmaco gi\u00e0 esistente, attraverso una nuova propriet\u00e0 intellettuale (IP) ottenuta grazie alla coniugazione con i sistemi di veicolamento dei farmaci a base di silice mesoporosa (MSNs).[\/vc_column_text][\/vc_column][\/vc_row]<\/p>\n","protected":false},"excerpt":{"rendered":"<p>[vc_row rt_row_background_width=&#8221;fullwidth&#8221; rt_row_content_width=&#8221;default&#8221; rt_row_style=&#8221;alt-style-2&#8243; rt_column_placement=&#8221;middle&#8221; rt_row_borders=&#8221;&#8221; rt_row_shadows=&#8221;&#8221; rt_row_paddings=&#8221;true&#8221; rt_bg_effect=&#8221;classic&#8221; rt_bg_image_repeat=&#8221;repeat&#8221; rt_bg_size=&#8221;cover&#8221; rt_bg_position=&#8221;right top&#8221; rt_bg_attachment=&#8221;scroll&#8221; rt_bg_video_format=&#8221;youtube&#8221; rt_padding_top=&#8221;110&#8243; rt_bg_image=&#8221;3091&#8243; rt_bg_overlay_color=&#8221;rgba(109,109,109,0.4)&#8221; rt_row_height=&#8221;475&#8243;][vc_column rt_column_shadow=&#8221;&#8221; rt_bg_image_repeat=&#8221;repeat&#8221; rt_bg_size=&#8221;auto auto&#8221; rt_bg_attachment=&#8221;scroll&#8221;][\/vc_column][\/vc_row][vc_row rt_row_background_width=&#8221;fullwidth&#8221; rt_row_content_width=&#8221;default&#8221; rt_row_style=&#8221;default-style&#8221; rt_row_borders=&#8221;&#8221; rt_row_shadows=&#8221;&#8221; rt_row_paddings=&#8221;true&#8221; rt_bg_effect=&#8221;classic&#8221; rt_bg_image_repeat=&#8221;repeat&#8221; rt_bg_size=&#8221;cover&#8221; rt_bg_position=&#8221;right top&#8221; rt_bg_attachment=&#8221;scroll&#8221; rt_bg_video_format=&#8221;self-hosted&#8221; rt_padding_top=&#8221;80&#8243; rt_padding_bottom=&#8221;60&#8243;][vc_column rt_column_shadow=&#8221;&#8221; rt_bg_image_repeat=&#8221;repeat&#8221; rt_bg_size=&#8221;auto auto&#8221; rt_bg_attachment=&#8221;scroll&#8221;][\/vc_column][\/vc_row][vc_row rt_row_background_width=&#8221;fullwidth&#8221; rt_row_content_width=&#8221;default&#8221; rt_row_style=&#8221;alt-style-1&#8243; rt_row_borders=&#8221;top,bottom&#8221; rt_row_shadows=&#8221;top,bottom&#8221; rt_column_view=&#8221;grid&#8221; rt_row_paddings=&#8221;true&#8221; rt_bg_effect=&#8221;classic&#8221; rt_bg_image_repeat=&#8221;no-repeat&#8221; rt_bg_size=&#8221;cover&#8221; rt_bg_position=&#8221;center &#8230; <a class=\"more-link\" href=\"http:\/\/www.nanosilicaldevices.com\/it\/pubblicazioni-proprieta-intellettuale\/\">Continue reading<\/a><\/p>\n","protected":false},"author":1,"featured_media":0,"parent":0,"menu_order":0,"comment_status":"closed","ping_status":"closed","template":"","meta":{"footnotes":""},"class_list":["post-3593","page","type-page","status-publish","hentry"],"_links":{"self":[{"href":"http:\/\/www.nanosilicaldevices.com\/it\/wp-json\/wp\/v2\/pages\/3593","targetHints":{"allow":["GET"]}}],"collection":[{"href":"http:\/\/www.nanosilicaldevices.com\/it\/wp-json\/wp\/v2\/pages"}],"about":[{"href":"http:\/\/www.nanosilicaldevices.com\/it\/wp-json\/wp\/v2\/types\/page"}],"author":[{"embeddable":true,"href":"http:\/\/www.nanosilicaldevices.com\/it\/wp-json\/wp\/v2\/users\/1"}],"replies":[{"embeddable":true,"href":"http:\/\/www.nanosilicaldevices.com\/it\/wp-json\/wp\/v2\/comments?post=3593"}],"version-history":[{"count":8,"href":"http:\/\/www.nanosilicaldevices.com\/it\/wp-json\/wp\/v2\/pages\/3593\/revisions"}],"predecessor-version":[{"id":3864,"href":"http:\/\/www.nanosilicaldevices.com\/it\/wp-json\/wp\/v2\/pages\/3593\/revisions\/3864"}],"wp:attachment":[{"href":"http:\/\/www.nanosilicaldevices.com\/it\/wp-json\/wp\/v2\/media?parent=3593"}],"curies":[{"name":"wp","href":"https:\/\/api.w.org\/{rel}","templated":true}]}}