{"id":3599,"date":"2018-09-26T16:01:03","date_gmt":"2018-09-26T14:01:03","guid":{"rendered":"http:\/\/www.nanosilicaldevices.com\/por-calabria-2014-2020\/"},"modified":"2021-01-07T14:23:37","modified_gmt":"2021-01-07T12:23:37","slug":"por-calabria-2014-2020","status":"publish","type":"page","link":"http:\/\/www.nanosilicaldevices.com\/it\/por-calabria-2014-2020\/","title":{"rendered":"POR Calabria 2014-2020"},"content":{"rendered":"<p>[vc_row rt_row_background_width=&#8221;fullwidth&#8221; rt_row_content_width=&#8221;default&#8221; rt_row_style=&#8221;default-style&#8221; rt_row_borders=&#8221;&#8221; rt_row_shadows=&#8221;&#8221; rt_row_paddings=&#8221;true&#8221; rt_bg_effect=&#8221;classic&#8221; rt_bg_image_repeat=&#8221;no-repeat&#8221; rt_bg_size=&#8221;cover&#8221; rt_bg_position=&#8221;right top&#8221; rt_bg_attachment=&#8221;scroll&#8221; rt_bg_video_format=&#8221;self-hosted&#8221; rt_row_height=&#8221;470&#8243; rt_bg_image=&#8221;3437&#8243;][vc_column rt_column_shadow=&#8221;&#8221; rt_bg_image_repeat=&#8221;repeat&#8221; rt_bg_size=&#8221;auto auto&#8221; rt_bg_attachment=&#8221;scroll&#8221;][vc_single_image image=&#8221;3600&#8243; img_size=&#8221;full&#8221; style=&#8221;vc_box_shadow_3d&#8221; el_class=&#8221;img-responsive&#8221; css=&#8221;.vc_custom_1537970386235{margin-top: 200px !important;}&#8221;][\/vc_column][\/vc_row][vc_row rt_row_background_width=&#8221;fullwidth&#8221; rt_row_content_width=&#8221;default&#8221; rt_row_style=&#8221;default-style&#8221; rt_row_borders=&#8221;&#8221; rt_row_shadows=&#8221;&#8221; rt_row_paddings=&#8221;true&#8221; rt_bg_effect=&#8221;classic&#8221; rt_bg_image_repeat=&#8221;repeat&#8221; rt_bg_size=&#8221;cover&#8221; rt_bg_position=&#8221;right top&#8221; rt_bg_attachment=&#8221;scroll&#8221; rt_bg_video_format=&#8221;self-hosted&#8221; rt_padding_top=&#8221;30px&#8221;][vc_column rt_column_shadow=&#8221;&#8221; rt_bg_image_repeat=&#8221;repeat&#8221; rt_bg_size=&#8221;auto auto&#8221; rt_bg_attachment=&#8221;scroll&#8221;][vc_column_text]<\/p>\n<h2><strong>BANDO<\/strong><\/h2>\n<h3><strong>POR CALABRIA FESR-FSE 2014-2020. ASSE I \u2013 PROMOZIONE DELLA RICERCA E DELL\u2019INNOVAZIONE<\/strong><\/h3>\n<blockquote class=\"wp-embedded-content\" data-secret=\"MPZySOK6TT\"><p><a href=\"https:\/\/raccontidicalabria.regione.calabria.it\/en\/story\/nanocal\/\">NANOCAL<\/a><\/p><\/blockquote>\n<p><iframe loading=\"lazy\" class=\"wp-embedded-content\" sandbox=\"allow-scripts\" security=\"restricted\" style=\"position: absolute; clip: rect(1px, 1px, 1px, 1px);\" title=\"&#8220;NANOCAL&#8221; &#8212; Racconti Di Calabria\" src=\"https:\/\/raccontidicalabria.regione.calabria.it\/en\/story\/nanocal\/embed\/#?secret=MPZySOK6TT\" data-secret=\"MPZySOK6TT\" width=\"600\" height=\"338\" frameborder=\"0\" marginwidth=\"0\" marginheight=\"0\" scrolling=\"no\"><\/iframe><\/p>\n<p>Obiettivo specifico 1.2 \u201cRafforzamento del sistema innovativo regionale e nazionale\u201d<\/p>\n<p>Azione 1.2.2 \u201cSupporto alla realizzazione di progetti complessi di attivit\u00e0 di ricerca e sviluppo su poche aree tematiche di rilievo e all\u2019applicazione di soluzioni Tecnologiche funzionali alla realizzazione delle strategie di S3\u201d<\/p>\n<p><strong>FINANZIAMENTO OTTENUTO<\/strong><\/p>\n<p>400.972,68 \u20ac<\/p>\n<p><strong>TITOLO PROGETTO<\/strong><\/p>\n<p>NANOCAL<\/p>\n<p><strong>DESCRIZIONE<\/strong><\/p>\n<p>Il progetto proposto si inserisce nel settore del drug delivery, mirando a garantire il direzionamento di farmaci verso tessuti bersaglio con l\u2019obiettivo di minimizzare o addirittura annullare gli effetti tossici sulle cellule sane, aumentando la risposta dell\u2019individuo al trattamento. Una terapia antineoplastica efficace e innovativa, infatti, richiede lo sviluppo di farmaci che specificamente raggiungano le cellule tumorali o la progettazione di carriers mediante i quali il farmaco possa venire veicolato esclusivamente alle cellule tumorali, minimizzando cos\u00ec l&#8217;esposizione dei tessuti sani ai farmaci antineoplastici. Nanocal prevede, mediante un\u2019azione concertata tra la NanoSiliCal Devices (proponente) e l\u2019Universit\u00e0 della Calabria (partner), lo sviluppo di nanoparticelle di silice mesoporosa (MSNs) da utilizzare come veicolo nella terapia mirata di patologie tumorali, al fine di garantire una pi\u00f9 efficace risposta terapeutica da parte del paziente oncologico ed il miglioramento della qualit\u00e0 della vita.<\/p>\n<p><strong>OBIETTIVI<\/strong><\/p>\n<p>La NanoSiliCal Devices mira a sviluppare sistemi di drug delivery associati ad una ridotta concentrazione di farmaco e frequenza delle dosi pi\u00f9 efficaci di quelli gi\u00e0 esistenti in commercio, offrendo, quindi, una somministrazione pi\u00f9 facile e pi\u00f9 sicura che possa garantire alla nostra azienda l\u2019ingresso nel mercato delle multinazionali farmaceutiche. I mezzi usati per perseguire questi target sono rappresentati dalla definizione della classe di potenziali molecole da utilizzare sulla base della tipologia di tumore da trattare, a sua volta individuata tenendo conto sia dell\u2019incidenza che della gravit\u00e0 delle patologie, con particolare riferimento al manifestarsi di fenomeni di tipo Multi Drug Resistance (MDR). Ad essa verr\u00e0 affiancata una completa valutazione delle specifiche caratteristiche chimico-fisiche della classe di molecole individuata nelle attivit\u00e0 precedenti. Infine, verr\u00e0 vagliata possibilit\u00e0, da parte di MSNs variamente funzionalizzate, di poter fungere da veicolo intelligente per farmaci antineoplastici al fine di essere utilizzate nella terapia oncologica mirata attraverso test di efficienza in vitro e in vivo. Non mancher\u00e0 una valutazione del potenziale mercato di riferimento in cui il nanosistema andr\u00e0 a collocarsi, in relazione allo stato della propriet\u00e0 intellettuale pendente sui farmaci precedentemente caratterizzati e focus sui fabbisogni tecnologici specifici delle aziende potenziali clienti. Alla luce di tutto ci\u00f2, NANOCAL darebbe la possibilit\u00e0 alla NanoSiliCal Devices di continuare il suo difficile, ma al contempo soddisfacente, percorso verso l\u2019approdo sul mercato di riferimento (farmaceutico e biotech).<\/p>\n<p><strong>RISULTATI ATTESI<\/strong><\/p>\n<p>I sistemi che verranno sviluppati con il presente progetto ricadono nell\u2019ambito settoriale innovativo dei materiali avanzati e delle biotecnologie. Le nanoparticelle multifunzionali a base di silice mesoporosa (MSNs) possono essere impiegate come alternative intelligenti alla chemioterapia classica. Si tratta, infatti, di sistemi terapeutici costituiti da materiali nanostrutturati la cui tecnologia, e quindi efficacia, dipende dalle attivit\u00e0 vitali espletate dalle cellule tumorali. Il principale problema di molti farmaci e terapie tradizionali antitumorali \u00e8 rappresentato dagli effetti tossici che producono sulle cellule sane, pertanto la progettazione di sistemi farmaceutici nanostrutturati per il rilascio controllato di farmaci antitumorali costituisce, ad oggi, un settore di punta della ricerca scientifica che ha ricevuto grandi attenzioni in quanto essi possono trasportare selettivamente agenti terapeutici a cellule tumorali risparmiando i tessuti normali. Il sistema di drug delivery della NanoSiliCal \u00e8 innovativo in quanto capace di aumentare la biodisponibilit\u00e0 del farmaco o molecola veicolata, consentendo un trattamento farmacologico mirato e personalizzato con il vantaggio di ridurre il numero di pazienti che non rispondono alla terapia e consentendo di migliorare l&#8217;efficacia e la tollerabilit\u00e0 di nuovi farmaci che mostrano eccesso di tossicit\u00e0. La presenza di una funzione targeting, permette il riconoscimento altamente specifico del vettore che trasporta il farmaco da parte del recettore bersaglio, generalmente sovraespresso sulle membrane cellulari tumorali. Una nuova formulazione per il rilascio di un farmaco consente un\u2019estensione della protezione brevettuale dello stesso oltre ad una riduzione degli effetti collaterali con il risultato di migliorare la qualit\u00e0 di vita del paziente e ridurre la spesa pubblica dovuta alla permanenza dei malati nelle strutture ospedaliere.[\/vc_column_text][\/vc_column][\/vc_row]<\/p>\n","protected":false},"excerpt":{"rendered":"<p>[vc_row rt_row_background_width=&#8221;fullwidth&#8221; rt_row_content_width=&#8221;default&#8221; rt_row_style=&#8221;default-style&#8221; rt_row_borders=&#8221;&#8221; rt_row_shadows=&#8221;&#8221; rt_row_paddings=&#8221;true&#8221; rt_bg_effect=&#8221;classic&#8221; rt_bg_image_repeat=&#8221;no-repeat&#8221; rt_bg_size=&#8221;cover&#8221; rt_bg_position=&#8221;right top&#8221; rt_bg_attachment=&#8221;scroll&#8221; rt_bg_video_format=&#8221;self-hosted&#8221; rt_row_height=&#8221;470&#8243; rt_bg_image=&#8221;3437&#8243;][vc_column rt_column_shadow=&#8221;&#8221; rt_bg_image_repeat=&#8221;repeat&#8221; rt_bg_size=&#8221;auto auto&#8221; rt_bg_attachment=&#8221;scroll&#8221;][vc_single_image image=&#8221;3600&#8243; img_size=&#8221;full&#8221; style=&#8221;vc_box_shadow_3d&#8221; el_class=&#8221;img-responsive&#8221; css=&#8221;.vc_custom_1537970386235{margin-top: 200px !important;}&#8221;][\/vc_column][\/vc_row][vc_row rt_row_background_width=&#8221;fullwidth&#8221; rt_row_content_width=&#8221;default&#8221; rt_row_style=&#8221;default-style&#8221; rt_row_borders=&#8221;&#8221; rt_row_shadows=&#8221;&#8221; rt_row_paddings=&#8221;true&#8221; rt_bg_effect=&#8221;classic&#8221; rt_bg_image_repeat=&#8221;repeat&#8221; rt_bg_size=&#8221;cover&#8221; rt_bg_position=&#8221;right top&#8221; rt_bg_attachment=&#8221;scroll&#8221; rt_bg_video_format=&#8221;self-hosted&#8221; rt_padding_top=&#8221;30px&#8221;][vc_column rt_column_shadow=&#8221;&#8221; rt_bg_image_repeat=&#8221;repeat&#8221; rt_bg_size=&#8221;auto auto&#8221; rt_bg_attachment=&#8221;scroll&#8221;][vc_column_text] BANDO POR CALABRIA FESR-FSE 2014-2020. ASSE I \u2013 &#8230; <a class=\"more-link\" href=\"http:\/\/www.nanosilicaldevices.com\/it\/por-calabria-2014-2020\/\">Continue reading<\/a><\/p>\n","protected":false},"author":1,"featured_media":0,"parent":0,"menu_order":0,"comment_status":"closed","ping_status":"closed","template":"","meta":{"footnotes":""},"class_list":["post-3599","page","type-page","status-publish","hentry"],"_links":{"self":[{"href":"http:\/\/www.nanosilicaldevices.com\/it\/wp-json\/wp\/v2\/pages\/3599","targetHints":{"allow":["GET"]}}],"collection":[{"href":"http:\/\/www.nanosilicaldevices.com\/it\/wp-json\/wp\/v2\/pages"}],"about":[{"href":"http:\/\/www.nanosilicaldevices.com\/it\/wp-json\/wp\/v2\/types\/page"}],"author":[{"embeddable":true,"href":"http:\/\/www.nanosilicaldevices.com\/it\/wp-json\/wp\/v2\/users\/1"}],"replies":[{"embeddable":true,"href":"http:\/\/www.nanosilicaldevices.com\/it\/wp-json\/wp\/v2\/comments?post=3599"}],"version-history":[{"count":3,"href":"http:\/\/www.nanosilicaldevices.com\/it\/wp-json\/wp\/v2\/pages\/3599\/revisions"}],"predecessor-version":[{"id":3855,"href":"http:\/\/www.nanosilicaldevices.com\/it\/wp-json\/wp\/v2\/pages\/3599\/revisions\/3855"}],"wp:attachment":[{"href":"http:\/\/www.nanosilicaldevices.com\/it\/wp-json\/wp\/v2\/media?parent=3599"}],"curies":[{"name":"wp","href":"https:\/\/api.w.org\/{rel}","templated":true}]}}