{"id":3574,"date":"2018-04-08T10:01:14","date_gmt":"2018-04-08T10:01:14","guid":{"rendered":"http:\/\/www.nanosilicaldevices.com\/research\/"},"modified":"2019-07-12T16:33:16","modified_gmt":"2019-07-12T14:33:16","slug":"ricerca","status":"publish","type":"page","link":"https:\/\/www.nanosilicaldevices.com\/it\/ricerca\/","title":{"rendered":"Ricerca"},"content":{"rendered":"<p>[vc_row rt_row_background_width=&#8221;fullwidth&#8221; rt_row_content_width=&#8221;default&#8221; rt_row_style=&#8221;alt-style-2&#8243; rt_column_placement=&#8221;middle&#8221; rt_row_borders=&#8221;&#8221; rt_row_shadows=&#8221;&#8221; rt_row_paddings=&#8221;true&#8221; rt_bg_effect=&#8221;classic&#8221; rt_bg_image_repeat=&#8221;repeat&#8221; rt_bg_size=&#8221;cover&#8221; rt_bg_position=&#8221;right top&#8221; rt_bg_attachment=&#8221;scroll&#8221; rt_bg_video_format=&#8221;youtube&#8221; rt_padding_top=&#8221;110&#8243; rt_bg_image=&#8221;3003&#8243; rt_bg_overlay_color=&#8221;rgba(234,234,234,0.4)&#8221; rt_row_height=&#8221;475&#8243;][vc_column rt_column_shadow=&#8221;&#8221; rt_bg_image_repeat=&#8221;repeat&#8221; rt_bg_size=&#8221;auto auto&#8221; rt_bg_attachment=&#8221;scroll&#8221;]<div class=\"rt_heading_wrapper style-5\">\n\t\t\t\t\t\t<h1 class=\"rt_heading  style-5\"  style=\"font-size:48px;\">RICERCA<\/h1>\n\t\t\t\t\t<\/div>[\/vc_column][\/vc_row][vc_row rt_row_background_width=&#8221;fullwidth&#8221; rt_row_content_width=&#8221;default&#8221; rt_row_style=&#8221;default-style&#8221; rt_row_borders=&#8221;&#8221; rt_row_shadows=&#8221;&#8221; rt_row_paddings=&#8221;true&#8221; rt_bg_effect=&#8221;classic&#8221; rt_bg_image_repeat=&#8221;repeat&#8221; rt_bg_size=&#8221;cover&#8221; rt_bg_position=&#8221;right top&#8221; rt_bg_attachment=&#8221;scroll&#8221; rt_bg_video_format=&#8221;self-hosted&#8221; rt_padding_top=&#8221;80&#8243; rt_padding_bottom=&#8221;60&#8243;][vc_column rt_column_shadow=&#8221;&#8221; rt_bg_image_repeat=&#8221;repeat&#8221; rt_bg_size=&#8221;auto auto&#8221; rt_bg_attachment=&#8221;scroll&#8221;]<div class=\"rt_heading_wrapper style-7\">\n\t\t\t\t\t\t<h2 class=\"rt_heading  aligncenter style-7\"  style=\"font-size:28px;color:#5c5c5c;line-height:36px;\">Il nostro obbiettivo \u00e8 scoprire, sviluppare e commercializzare trattamenti efficaci ed innovativi per l&#8217;assitenza sanitaria<\/h2>\n\t\t\t\t\t<\/div>[\/vc_column][\/vc_row][vc_row rt_row_background_width=&#8221;fullwidth&#8221; rt_row_content_width=&#8221;default&#8221; rt_row_style=&#8221;alt-style-1&#8243; rt_row_borders=&#8221;top,bottom&#8221; rt_row_shadows=&#8221;top,bottom&#8221; rt_column_view=&#8221;grid&#8221; rt_row_paddings=&#8221;true&#8221; rt_bg_effect=&#8221;classic&#8221; rt_bg_image_repeat=&#8221;no-repeat&#8221; rt_bg_size=&#8221;cover&#8221; rt_bg_position=&#8221;center bottom&#8221; rt_bg_attachment=&#8221;fixed&#8221; rt_bg_video_format=&#8221;self-hosted&#8221; rt_grid=&#8221;true&#8221; rt_padding_top=&#8221;80&#8243; rt_padding_bottom=&#8221;80&#8243;][vc_column width=&#8221;1\/2&#8243; rt_column_shadow=&#8221;true&#8221; rt_bg_image_repeat=&#8221;repeat&#8221; rt_bg_size=&#8221;auto auto&#8221; rt_bg_attachment=&#8221;scroll&#8221; rt_bg_color=&#8221;#fbfbfb&#8221; rt_padding_top=&#8221;50&#8243; rt_padding_bottom=&#8221;50&#8243; rt_padding_left=&#8221;50&#8243; rt_padding_right=&#8221;50&#8243;]<div class=\"rt_heading_wrapper style-3\">\n\t\t\t\t\t\t<h4 class=\"rt_heading  style-3\" >La nostra mission<\/h4>\n\t\t\t\t\t<\/div>[vc_column_text]\t \n\t\t<div  class=\"bullet-list style-3  star\">\n\t\t<ul>\n<li>offire soluzioni innovative per problemi clinici non ancora risolti<\/li>\n<li>trattare le malattie, ridurre il dolore dei pazienti e migliorare la loro qualit\u00e0 di vita<\/li>\n<li>capire i bisogni medici individuali dei singoli pazienti e rispondere alla richiesta di trattamenti personalizzati, modificati ed adattati in base alla &#8220;firma&#8221; molecolare dei singoli pazienti<\/li>\n<li>fornire un trattamento efficace che limiti gli effetti collaterali<\/li>\n<\/ul>\n\n\t\t<\/div>\n\t[\/vc_column_text]\r\n\t\t\t\t<div id=\"slider-image-carousel-769916\" class=\"rt-carousel carousel-holder clearfix \" data-item-width=\"1\" data-nav=\"true\" data-dots=\"false\" data-margin=\"\" data-autoplay=\"true\" data-timeout=\"2500\" data-thumbnails=\"false\" data-boxed=\"false\">\r\n\t\t\t\t\t<div class=\"owl-carousel\">\r\n\t\t\t\t\t\t<div><img decoding=\"async\" src=\"https:\/\/www.nanosilicaldevices.com\/wp-content\/uploads\/2018\/04\/MSN_modificata_web_piccola-1.jpg\" alt=\"\"><\/div><div><img decoding=\"async\" src=\"https:\/\/www.nanosilicaldevices.com\/wp-content\/uploads\/2018\/04\/MSN_e_cellule_tumorali_modificata_web_piccola.jpg\" alt=\"\"><\/div>\r\n\t\t\t\t\t<\/div>\r\n\t\t\t\t\t\r\n\t\t\t\t\t\r\n\t\t\t\t<\/div>\r\n\t\t\t[\/vc_column][vc_column width=&#8221;1\/2&#8243; rt_column_shadow=&#8221;true&#8221; rt_bg_image_repeat=&#8221;repeat&#8221; rt_bg_size=&#8221;auto auto&#8221; rt_bg_attachment=&#8221;scroll&#8221; rt_padding_top=&#8221;50&#8243; rt_padding_bottom=&#8221;50&#8243; rt_padding_left=&#8221;50&#8243; rt_padding_right=&#8221;50&#8243; rt_bg_color=&#8221;#ffffff&#8221;]<div class=\"rt_heading_wrapper style-3\">\n\t\t\t\t\t\t<h4 class=\"rt_heading  style-3\" >La nostra vision<\/h4>\n\t\t\t\t\t<\/div>[vc_column_text css_animation=&#8221;fadeInDown&#8221;]Riteniamo che <strong>presto tutti i pazienti possano avere una migliore qualit\u00e0 della vita<\/strong> attraverso terapie personalizzate e mirate, fornite dalle innovazioni scientifiche e tecnologiche che i nostri prodotti possono offrire.<\/p>\n<p><strong>L&#8217;innovazione \u00e8 il fattore chiave per la crescita<\/strong>, l&#8217;evoluzione e il progresso tecnologico nel campo delle Scienze della Salute e della Medicina.<\/p>\n<p><strong>Nuove idee conducono a progetti di ricerca<\/strong> e la capacit\u00e0 di trasformarle in prodotti reali consente di fornire cure innovative ed efficaci che miglioreranno i bisogni e la qualit\u00e0 della vita dei pazienti.<\/p>\n<p>La <strong>NanoSiliCal Devices<\/strong> pu\u00f2 offire <strong>prodotti innovativi di alta qualit\u00e0<\/strong> e ad alto contenuto tecnologico.<\/p>\n<p>Forniamo <strong>nano-sistemi intelligenti<\/strong> che sono capaci di dirigere i farmaci ed altre molecole bioattive verso specifiche cellule.<\/p>\n<p>La peculiarit\u00e0 delle nostre MSN \u00e8 la loro capacit\u00e0 di penetrare nelle cellule tumorali solo se specificatamente attivate. Usando questo approccio, i farmaci sono in grado di diffondersi nel flusso sanguigno trasportati da un nano-sistema solubile.[\/vc_column_text][\/vc_column][\/vc_row]<\/p>\n","protected":false},"excerpt":{"rendered":"<p>[vc_row rt_row_background_width=&#8221;fullwidth&#8221; rt_row_content_width=&#8221;default&#8221; rt_row_style=&#8221;alt-style-2&#8243; rt_column_placement=&#8221;middle&#8221; rt_row_borders=&#8221;&#8221; rt_row_shadows=&#8221;&#8221; rt_row_paddings=&#8221;true&#8221; rt_bg_effect=&#8221;classic&#8221; rt_bg_image_repeat=&#8221;repeat&#8221; rt_bg_size=&#8221;cover&#8221; rt_bg_position=&#8221;right top&#8221; rt_bg_attachment=&#8221;scroll&#8221; rt_bg_video_format=&#8221;youtube&#8221; rt_padding_top=&#8221;110&#8243; rt_bg_image=&#8221;3003&#8243; rt_bg_overlay_color=&#8221;rgba(234,234,234,0.4)&#8221; rt_row_height=&#8221;475&#8243;][vc_column rt_column_shadow=&#8221;&#8221; rt_bg_image_repeat=&#8221;repeat&#8221; rt_bg_size=&#8221;auto auto&#8221; rt_bg_attachment=&#8221;scroll&#8221;][\/vc_column][\/vc_row][vc_row rt_row_background_width=&#8221;fullwidth&#8221; rt_row_content_width=&#8221;default&#8221; rt_row_style=&#8221;default-style&#8221; rt_row_borders=&#8221;&#8221; rt_row_shadows=&#8221;&#8221; rt_row_paddings=&#8221;true&#8221; rt_bg_effect=&#8221;classic&#8221; rt_bg_image_repeat=&#8221;repeat&#8221; rt_bg_size=&#8221;cover&#8221; rt_bg_position=&#8221;right top&#8221; rt_bg_attachment=&#8221;scroll&#8221; rt_bg_video_format=&#8221;self-hosted&#8221; rt_padding_top=&#8221;80&#8243; rt_padding_bottom=&#8221;60&#8243;][vc_column rt_column_shadow=&#8221;&#8221; rt_bg_image_repeat=&#8221;repeat&#8221; rt_bg_size=&#8221;auto auto&#8221; rt_bg_attachment=&#8221;scroll&#8221;][\/vc_column][\/vc_row][vc_row rt_row_background_width=&#8221;fullwidth&#8221; rt_row_content_width=&#8221;default&#8221; rt_row_style=&#8221;alt-style-1&#8243; rt_row_borders=&#8221;top,bottom&#8221; rt_row_shadows=&#8221;top,bottom&#8221; rt_column_view=&#8221;grid&#8221; rt_row_paddings=&#8221;true&#8221; rt_bg_effect=&#8221;classic&#8221; rt_bg_image_repeat=&#8221;no-repeat&#8221; rt_bg_size=&#8221;cover&#8221; rt_bg_position=&#8221;center &#8230; <a class=\"more-link\" href=\"https:\/\/www.nanosilicaldevices.com\/it\/ricerca\/\">Continue reading<\/a><\/p>\n","protected":false},"author":1,"featured_media":0,"parent":0,"menu_order":0,"comment_status":"closed","ping_status":"closed","template":"","meta":{"footnotes":""},"class_list":["post-3574","page","type-page","status-publish","hentry"],"_links":{"self":[{"href":"https:\/\/www.nanosilicaldevices.com\/it\/wp-json\/wp\/v2\/pages\/3574","targetHints":{"allow":["GET"]}}],"collection":[{"href":"https:\/\/www.nanosilicaldevices.com\/it\/wp-json\/wp\/v2\/pages"}],"about":[{"href":"https:\/\/www.nanosilicaldevices.com\/it\/wp-json\/wp\/v2\/types\/page"}],"author":[{"embeddable":true,"href":"https:\/\/www.nanosilicaldevices.com\/it\/wp-json\/wp\/v2\/users\/1"}],"replies":[{"embeddable":true,"href":"https:\/\/www.nanosilicaldevices.com\/it\/wp-json\/wp\/v2\/comments?post=3574"}],"version-history":[{"count":7,"href":"https:\/\/www.nanosilicaldevices.com\/it\/wp-json\/wp\/v2\/pages\/3574\/revisions"}],"predecessor-version":[{"id":3771,"href":"https:\/\/www.nanosilicaldevices.com\/it\/wp-json\/wp\/v2\/pages\/3574\/revisions\/3771"}],"wp:attachment":[{"href":"https:\/\/www.nanosilicaldevices.com\/it\/wp-json\/wp\/v2\/media?parent=3574"}],"curies":[{"name":"wp","href":"https:\/\/api.w.org\/{rel}","templated":true}]}}