{"id":3586,"date":"2018-04-08T13:20:15","date_gmt":"2018-04-08T13:20:15","guid":{"rendered":"http:\/\/www.nanosilicaldevices.com\/advantages-of-our-systems\/"},"modified":"2019-07-12T17:00:38","modified_gmt":"2019-07-12T15:00:38","slug":"vantaggi-dei-nostri-sistemi","status":"publish","type":"page","link":"https:\/\/www.nanosilicaldevices.com\/it\/vantaggi-dei-nostri-sistemi\/","title":{"rendered":"I vantaggi dei nostri sistemi"},"content":{"rendered":"<p>[vc_row rt_row_background_width=&#8221;fullwidth&#8221; rt_row_content_width=&#8221;default&#8221; rt_row_style=&#8221;alt-style-2&#8243; rt_column_placement=&#8221;middle&#8221; rt_row_borders=&#8221;&#8221; rt_row_shadows=&#8221;&#8221; rt_row_paddings=&#8221;true&#8221; rt_bg_effect=&#8221;classic&#8221; rt_bg_image_repeat=&#8221;repeat&#8221; rt_bg_size=&#8221;cover&#8221; rt_bg_position=&#8221;right top&#8221; rt_bg_attachment=&#8221;scroll&#8221; rt_bg_video_format=&#8221;youtube&#8221; rt_padding_top=&#8221;110&#8243; rt_bg_image=&#8221;3071&#8243; rt_bg_overlay_color=&#8221;rgba(119,119,119,0.5)&#8221; rt_row_height=&#8221;475&#8243;][vc_column rt_column_shadow=&#8221;&#8221; rt_bg_image_repeat=&#8221;repeat&#8221; rt_bg_size=&#8221;auto auto&#8221; rt_bg_attachment=&#8221;scroll&#8221;]<div class=\"rt_heading_wrapper style-5\">\n\t\t\t\t\t\t<h1 class=\"rt_heading  with_punchline style-5\"  style=\"font-size:48px;\"><span class=\"punchline\">I vantaggi dei nostri sistemi<\/span>VANTAGGI<\/h1>\n\t\t\t\t\t<\/div>[\/vc_column][\/vc_row][vc_row rt_row_background_width=&#8221;fullwidth&#8221; rt_row_content_width=&#8221;default&#8221; rt_row_style=&#8221;default-style&#8221; rt_row_borders=&#8221;&#8221; rt_row_shadows=&#8221;&#8221; rt_row_paddings=&#8221;true&#8221; rt_bg_effect=&#8221;classic&#8221; rt_bg_image_repeat=&#8221;repeat&#8221; rt_bg_size=&#8221;cover&#8221; rt_bg_position=&#8221;right top&#8221; rt_bg_attachment=&#8221;scroll&#8221; rt_bg_video_format=&#8221;self-hosted&#8221; rt_padding_top=&#8221;80&#8243; rt_padding_bottom=&#8221;60&#8243;][vc_column rt_column_shadow=&#8221;&#8221; rt_bg_image_repeat=&#8221;repeat&#8221; rt_bg_size=&#8221;auto auto&#8221; rt_bg_attachment=&#8221;scroll&#8221;]<div class=\"rt_heading_wrapper style-4\">\n\t\t\t\t\t\t<h2 class=\"rt_heading  style-4\"  style=\"font-size:28px;color:#5c5c5c;line-height:36px;\">Le micro-nanoparticelle di silice mesoporosa sembrano essere candidati ideali allo sviluppo di sistemi per il direzionamento di farmaci, in quanto, oltre ad essere attualmente assenti sul mercato, sono anche di facile sintesi, versatili, biocompatibili e sospendibili nei fluidi biologici.<\/h2>\n\t\t\t\t\t<\/div>[\/vc_column][\/vc_row][vc_row rt_row_background_width=&#8221;fullwidth&#8221; rt_row_content_width=&#8221;default&#8221; rt_row_style=&#8221;default-style&#8221; rt_row_borders=&#8221;top,bottom&#8221; rt_row_shadows=&#8221;&#8221; rt_row_paddings=&#8221;true&#8221; rt_bg_effect=&#8221;classic&#8221; rt_bg_image_repeat=&#8221;repeat&#8221; rt_bg_size=&#8221;cover&#8221; rt_bg_position=&#8221;right top&#8221; rt_bg_attachment=&#8221;scroll&#8221; rt_bg_video_format=&#8221;self-hosted&#8221; rt_bg_color=&#8221;#dbdbdb&#8221;][vc_column width=&#8221;1\/4&#8243; rt_column_shadow=&#8221;&#8221; rt_bg_image_repeat=&#8221;repeat&#8221; rt_bg_size=&#8221;auto auto&#8221; rt_bg_attachment=&#8221;scroll&#8221;]<div class=\"rt_heading_wrapper style-3\">\n\t\t\t\t\t\t<h4 class=\"rt_heading  style-3\" >VERSATILIT\u00c0<\/h4>\n\t\t\t\t\t<\/div>[vc_column_text]Rispetto alle tecnologie attualmente in uso (materiali polimerici, liposomi, nanosomi), possiedono una superficie esterna ed una superficie interna (le pareti dei pori) dotate di elevata reattivit\u00e0 e possono essere funzionalizzate utilizzando molecole differenti, consentendo cos\u00ec un livello di nanostrutturazione della materia ad elevatissima definizione. Le propriet\u00e0 meccaniche delle particelle di silice mesoporosa sono sempre adeguate a sopportare qualunque procedura di modifica: \u00e8 agevole, ad esempio, il posizionamento sulle bocche dei pori di dispositivi molecolari stimuli-responsive, capaci di aprire o chiudere i pori sulla base degli stimoli ricevuti o addirittura di motori molecolari che possono far muovere le particelle in un fluido a seguito di un irraggiamento.[\/vc_column_text][\/vc_column][vc_column width=&#8221;1\/4&#8243; rt_column_shadow=&#8221;&#8221; rt_bg_image_repeat=&#8221;repeat&#8221; rt_bg_size=&#8221;auto auto&#8221; rt_bg_attachment=&#8221;scroll&#8221;]<div class=\"rt_heading_wrapper style-3\">\n\t\t\t\t\t\t<h5 class=\"rt_heading  style-3\" >SINTESI A BASSA TEMPERATURA<\/h5>\n\t\t\t\t\t<\/div>[vc_column_text]Oltre a rappresentare un vantaggio economico per la produzione, determina anche un minore impatto in termini di effetti collaterali sulla salute del paziente, in quanto genera dei difetti nelle particelle che rappresentano i siti su cui le molecole d\u2019acqua eserciteranno la loro azione idrolitica rendendole altamente idrosolubili e, pertanto, facilmente rimovibili attraverso i reflui organici, evitando, cos\u00ec, indesiderati fenomeni di accumulo all\u2019interno dell\u2019organismo.[\/vc_column_text][\/vc_column][vc_column width=&#8221;1\/4&#8243; rt_column_shadow=&#8221;&#8221; rt_bg_image_repeat=&#8221;repeat&#8221; rt_bg_size=&#8221;auto auto&#8221; rt_bg_attachment=&#8221;scroll&#8221;]<div class=\"rt_heading_wrapper style-3\">\n\t\t\t\t\t\t<h4 class=\"rt_heading  style-3\" >PROCESSO DI SINTESI<\/h4>\n\t\t\t\t\t<\/div>[vc_column_text]Semplicit\u00e0 delle procedure di sintesi, compatibile con un immediato scale-up del processo.[\/vc_column_text][\/vc_column][vc_column width=&#8221;1\/4&#8243; rt_column_shadow=&#8221;&#8221; rt_bg_image_repeat=&#8221;repeat&#8221; rt_bg_size=&#8221;auto auto&#8221; rt_bg_attachment=&#8221;scroll&#8221;]<div class=\"rt_heading_wrapper style-3\">\n\t\t\t\t\t\t<h4 class=\"rt_heading  style-3\" >NESSUNA INTERFERENZA<\/h4>\n\t\t\t\t\t<\/div>[vc_column_text]Capacit\u00e0 di non alterare l\u2019efficacia terapeutica degli agenti incorporati nella superficie attiva.[\/vc_column_text][\/vc_column][\/vc_row][vc_row rt_row_background_width=&#8221;fullwidth&#8221; rt_row_content_width=&#8221;default&#8221; rt_row_style=&#8221;default-style&#8221; rt_row_borders=&#8221;&#8221; rt_row_shadows=&#8221;&#8221; rt_row_paddings=&#8221;true&#8221; rt_bg_effect=&#8221;classic&#8221; rt_bg_image_repeat=&#8221;repeat&#8221; rt_bg_size=&#8221;cover&#8221; rt_bg_position=&#8221;right top&#8221; rt_bg_attachment=&#8221;scroll&#8221; rt_bg_video_format=&#8221;self-hosted&#8221; rt_padding_bottom=&#8221;80&#8243;][vc_column rt_column_shadow=&#8221;&#8221; rt_bg_image_repeat=&#8221;repeat&#8221; rt_bg_size=&#8221;auto auto&#8221; rt_bg_attachment=&#8221;scroll&#8221;]<div class=\"rt_heading_wrapper style-3\">\n\t\t\t\t\t\t<h5 class=\"rt_heading  style-3\" >ALTRI VANTAGGI<\/h5>\n\t\t\t\t\t<\/div>[vc_column_text]\t \n\t\t<div  class=\"bullet-list style-3  star\">\n\t\t<ul>\n<li>le MSNs possono aumentare la solubilit\u00e0 di farmaci scarsamente solubili;<\/li>\n<li>veicolano l\u2019agente terapeutico direttamente nell\u2019organo\/cellula riconosciuto da una funzione direzionante generalmente non presente nei sistemi di drug delivery;<\/li>\n<li>hanno la capacit\u00e0 di proteggere il farmaco dalla degradazione che pu\u00f2 verificarsi nei fluidi organici.<\/li>\n<\/ul>\n\n\t\t<\/div>\n\t[\/vc_column_text][\/vc_column][\/vc_row]<\/p>\n","protected":false},"excerpt":{"rendered":"<p>[vc_row rt_row_background_width=&#8221;fullwidth&#8221; rt_row_content_width=&#8221;default&#8221; rt_row_style=&#8221;alt-style-2&#8243; rt_column_placement=&#8221;middle&#8221; rt_row_borders=&#8221;&#8221; rt_row_shadows=&#8221;&#8221; rt_row_paddings=&#8221;true&#8221; rt_bg_effect=&#8221;classic&#8221; rt_bg_image_repeat=&#8221;repeat&#8221; rt_bg_size=&#8221;cover&#8221; rt_bg_position=&#8221;right top&#8221; rt_bg_attachment=&#8221;scroll&#8221; rt_bg_video_format=&#8221;youtube&#8221; rt_padding_top=&#8221;110&#8243; rt_bg_image=&#8221;3071&#8243; rt_bg_overlay_color=&#8221;rgba(119,119,119,0.5)&#8221; rt_row_height=&#8221;475&#8243;][vc_column rt_column_shadow=&#8221;&#8221; rt_bg_image_repeat=&#8221;repeat&#8221; rt_bg_size=&#8221;auto auto&#8221; rt_bg_attachment=&#8221;scroll&#8221;][\/vc_column][\/vc_row][vc_row rt_row_background_width=&#8221;fullwidth&#8221; rt_row_content_width=&#8221;default&#8221; rt_row_style=&#8221;default-style&#8221; rt_row_borders=&#8221;&#8221; rt_row_shadows=&#8221;&#8221; rt_row_paddings=&#8221;true&#8221; rt_bg_effect=&#8221;classic&#8221; rt_bg_image_repeat=&#8221;repeat&#8221; rt_bg_size=&#8221;cover&#8221; rt_bg_position=&#8221;right top&#8221; rt_bg_attachment=&#8221;scroll&#8221; rt_bg_video_format=&#8221;self-hosted&#8221; rt_padding_top=&#8221;80&#8243; rt_padding_bottom=&#8221;60&#8243;][vc_column rt_column_shadow=&#8221;&#8221; rt_bg_image_repeat=&#8221;repeat&#8221; rt_bg_size=&#8221;auto auto&#8221; rt_bg_attachment=&#8221;scroll&#8221;][\/vc_column][\/vc_row][vc_row rt_row_background_width=&#8221;fullwidth&#8221; rt_row_content_width=&#8221;default&#8221; rt_row_style=&#8221;default-style&#8221; rt_row_borders=&#8221;top,bottom&#8221; rt_row_shadows=&#8221;&#8221; rt_row_paddings=&#8221;true&#8221; rt_bg_effect=&#8221;classic&#8221; rt_bg_image_repeat=&#8221;repeat&#8221; rt_bg_size=&#8221;cover&#8221; rt_bg_position=&#8221;right top&#8221; &#8230; <a class=\"more-link\" href=\"https:\/\/www.nanosilicaldevices.com\/it\/vantaggi-dei-nostri-sistemi\/\">Continue reading<\/a><\/p>\n","protected":false},"author":1,"featured_media":0,"parent":0,"menu_order":0,"comment_status":"closed","ping_status":"closed","template":"","meta":{"footnotes":""},"class_list":["post-3586","page","type-page","status-publish","hentry"],"_links":{"self":[{"href":"https:\/\/www.nanosilicaldevices.com\/it\/wp-json\/wp\/v2\/pages\/3586","targetHints":{"allow":["GET"]}}],"collection":[{"href":"https:\/\/www.nanosilicaldevices.com\/it\/wp-json\/wp\/v2\/pages"}],"about":[{"href":"https:\/\/www.nanosilicaldevices.com\/it\/wp-json\/wp\/v2\/types\/page"}],"author":[{"embeddable":true,"href":"https:\/\/www.nanosilicaldevices.com\/it\/wp-json\/wp\/v2\/users\/1"}],"replies":[{"embeddable":true,"href":"https:\/\/www.nanosilicaldevices.com\/it\/wp-json\/wp\/v2\/comments?post=3586"}],"version-history":[{"count":8,"href":"https:\/\/www.nanosilicaldevices.com\/it\/wp-json\/wp\/v2\/pages\/3586\/revisions"}],"predecessor-version":[{"id":3780,"href":"https:\/\/www.nanosilicaldevices.com\/it\/wp-json\/wp\/v2\/pages\/3586\/revisions\/3780"}],"wp:attachment":[{"href":"https:\/\/www.nanosilicaldevices.com\/it\/wp-json\/wp\/v2\/media?parent=3586"}],"curies":[{"name":"wp","href":"https:\/\/api.w.org\/{rel}","templated":true}]}}